{"id":3878,"date":"2025-10-23T22:21:55","date_gmt":"2025-10-23T20:21:55","guid":{"rendered":"https:\/\/cprochapea.educacion.navarra.es\/web1\/?page_id=3878"},"modified":"2025-11-02T19:12:35","modified_gmt":"2025-11-02T18:12:35","slug":"profesorado","status":"publish","type":"page","link":"https:\/\/cprochapea.educacion.navarra.es\/web1\/profesorado\/","title":{"rendered":"Profesorado"},"content":{"rendered":"\n<div class=\"wp-block-columns\">\n<div class=\"wp-block-column is-vertically-aligned-center\" style=\"flex-basis:100%\">\n<h2 class=\"has-text-align-center\">Enlaces varios<\/h2>\n\n\n\n<div class=\"wp-block-columns\">\n<div class=\"wp-block-column\">\n<h2>Aula IkasNova<\/h2>\n\n\n\n<p>Entrar en:<\/p>\n\n\n\n<figure class=\"wp-block-image size-large is-resized\"><a href=\"https:\/\/cprochapea.educacion.navarra.es\/web1\/ikasnova\/\"><img loading=\"lazy\" src=\"https:\/\/cprochapea.educacion.navarra.es\/web1\/wp-content\/uploads\/2024\/06\/Diseno-sin-titulo-2.png\" alt=\"\" width=\"189\" height=\"189\"\/><\/a><\/figure>\n<\/div>\n\n\n\n<div class=\"wp-block-column\">\n<h2>Coeducaci\u00f3n<\/h2>\n\n\n\n<p>Entrar en:<\/p>\n\n\n\n<figure class=\"wp-block-image size-large is-resized\"><a href=\"https:\/\/sites.google.com\/educacion.navarra.es\/conviviendo-en-igualdad-rocha\/inicio\"><img loading=\"lazy\" src=\"https:\/\/cprochapea.educacion.navarra.es\/web1\/wp-content\/uploads\/2024\/06\/Diseno-sin-titulo-1.png\" alt=\"\" width=\"192\" height=\"192\"\/><\/a><\/figure>\n\n\n\n<h2 class=\"has-text-align-center\">Otros recursos<\/h2>\n\n\n\n<div class=\"wp-container-1 wp-block-buttons\">\n<div class=\"wp-block-button aligncenter\"><a class=\"wp-block-button__link\" href=\"https:\/\/cprochapea.educacion.navarra.es\/web1\/recursos-varios\/\">Acceder<\/a><\/div>\n<\/div>\n<\/div>\n\n\n\n<div class=\"wp-block-column\">\n<h2>Aula virtual<\/h2>\n\n\n\n<p>Entrar en:<\/p>\n\n\n\n<figure class=\"wp-block-image size-full is-resized\"><a href=\"https:\/\/cprochapea.educacion.navarra.es\/moodle\/login\/index.php\"><img loading=\"lazy\" src=\"https:\/\/cprochapea.educacion.navarra.es\/web1\/wp-content\/uploads\/2025\/10\/Diseno-sin-titulo-1-1.png\" alt=\"\" class=\"wp-image-3971\" width=\"191\" height=\"191\" srcset=\"https:\/\/cprochapea.educacion.navarra.es\/web1\/wp-content\/uploads\/2025\/10\/Diseno-sin-titulo-1-1.png 368w, https:\/\/cprochapea.educacion.navarra.es\/web1\/wp-content\/uploads\/2025\/10\/Diseno-sin-titulo-1-1-300x300.png 300w, https:\/\/cprochapea.educacion.navarra.es\/web1\/wp-content\/uploads\/2025\/10\/Diseno-sin-titulo-1-1-150x150.png 150w\" sizes=\"(max-width: 191px) 100vw, 191px\" \/><\/a><\/figure>\n<\/div>\n<\/div>\n<\/div>\n<\/div>\n\n\n\n<h2 class=\"has-text-align-center\">Documentaci\u00f3n<\/h2>\n\n\n\n<h3 class=\"has-text-align-center\">Protocolo agresiones externas<\/h3>\n\n\n\n<div class=\"wp-block-image\"><figure class=\"aligncenter size-large is-resized\"><a href=\"https:\/\/cprochapea.educacion.navarra.es\/web1\/documentos\/protocolo-de-actuacion-ante-agresiones-externas-al-personal-del-departamento-de-educacion\/\"><img loading=\"lazy\" src=\"https:\/\/iesodelcamino.web.educacion.navarra.es\/documents\/2255767\/0\/Protocolo+de+actuaci%C3%B3n+ante+agresiones.PNG\/f0bbfa2a-779c-894d-2d52-0ffa6393f5c2?t=1639301746046&amp;download=true\" alt=\"\" width=\"339\" height=\"338\"\/><\/a><figcaption><a href=\"https:\/\/cprochapea.educacion.navarra.es\/web1\/documentos\/protocolo-de-actuacion-ante-agresiones-externas-al-personal-del-departamento-de-educacion\/\">ENLACE A LA P\u00c1GINA<\/a><\/figcaption><\/figure><\/div>\n\n\n\n<div class=\"wp-block-columns\">\n<div class=\"wp-block-column\">\n<h3>Salida del centro solo<\/h3>\n\n\n\n<div class=\"wp-block-file\"><object class=\"wp-block-file__embed\" data=\"https:\/\/cprochapea.educacion.navarra.es\/web1\/wp-content\/uploads\/2022\/03\/Autorizacio\u0301n-salida-alumnado-Primaria.pdf\" type=\"application\/pdf\" style=\"width:100%;height:470px\" aria-label=\"Incrustado de Autorizacio\u0301n salida alumnado.\"><\/object><a id=\"wp-block-file--media-bc33acc1-6b2c-4706-85ee-b0135c4b53f0\" href=\"https:\/\/cprochapea.educacion.navarra.es\/web1\/wp-content\/uploads\/2022\/03\/Autorizacio\u0301n-salida-alumnado-Primaria.pdf\">Autorizacio\u0301n salida alumnado<\/a><a href=\"https:\/\/cprochapea.educacion.navarra.es\/web1\/wp-content\/uploads\/2022\/03\/Autorizacio\u0301n-salida-alumnado-Primaria.pdf\" class=\"wp-block-file__button\" download aria-describedby=\"wp-block-file--media-bc33acc1-6b2c-4706-85ee-b0135c4b53f0\">Descarga<\/a><\/div>\n<\/div>\n\n\n\n<div class=\"wp-block-column\">\n<h3>Justificante faltas de asistencia<\/h3>\n\n\n\n<div class=\"wp-block-file\"><object class=\"wp-block-file__embed\" data=\"https:\/\/cprochapea.educacion.navarra.es\/web1\/wp-content\/uploads\/2022\/03\/justificante-faltas-de-asistencia.pdf\" type=\"application\/pdf\" style=\"width:100%;height:470px\" aria-label=\"Incrustado de Justificante faltas de asistencia.\"><\/object><a id=\"wp-block-file--media-d0417e95-36a0-43ef-a058-8e14f97e788d\" href=\"https:\/\/cprochapea.educacion.navarra.es\/web1\/wp-content\/uploads\/2022\/03\/justificante-faltas-de-asistencia.pdf\">Justificante faltas de asistencia<\/a><a href=\"https:\/\/cprochapea.educacion.navarra.es\/web1\/wp-content\/uploads\/2022\/03\/justificante-faltas-de-asistencia.pdf\" class=\"wp-block-file__button\" download aria-describedby=\"wp-block-file--media-d0417e95-36a0-43ef-a058-8e14f97e788d\">Descarga<\/a><\/div>\n<\/div>\n\n\n\n<div class=\"wp-block-column\">\n<h3>Informaci\u00f3n ClassDojo<\/h3>\n\n\n\n<div class=\"wp-block-file\"><object class=\"wp-block-file__embed\" data=\"https:\/\/cprochapea.educacion.navarra.es\/web1\/wp-content\/uploads\/2022\/03\/class-dojo.pdf\" type=\"application\/pdf\" style=\"width:100%;height:460px\" aria-label=\"Incrustado de Informaci\u00f3n ClassDojo.\"><\/object><a id=\"wp-block-file--media-2011265b-8f86-40e3-a468-a3fdb9471f51\" href=\"https:\/\/cprochapea.educacion.navarra.es\/web1\/wp-content\/uploads\/2022\/03\/class-dojo.pdf\">Informaci\u00f3n ClassDojo<\/a><a href=\"https:\/\/cprochapea.educacion.navarra.es\/web1\/wp-content\/uploads\/2022\/03\/class-dojo.pdf\" class=\"wp-block-file__button\" download aria-describedby=\"wp-block-file--media-2011265b-8f86-40e3-a468-a3fdb9471f51\">Descarga<\/a><\/div>\n<\/div>\n<\/div>\n\n\n\n<p><\/p>\n","protected":false},"excerpt":{"rendered":"<p>Enlaces varios Aula IkasNova Entrar en: Coeducaci\u00f3n Entrar en: Otros recursos Aula virtual Entrar en: Documentaci\u00f3n Protocolo agresiones externas Salida del centro solo Justificante faltas de asistencia Informaci\u00f3n ClassDojo<\/p>\n","protected":false},"author":1,"featured_media":0,"parent":0,"menu_order":0,"comment_status":"closed","ping_status":"closed","template":"","meta":[],"_links":{"self":[{"href":"https:\/\/cprochapea.educacion.navarra.es\/web1\/wp-json\/wp\/v2\/pages\/3878"}],"collection":[{"href":"https:\/\/cprochapea.educacion.navarra.es\/web1\/wp-json\/wp\/v2\/pages"}],"about":[{"href":"https:\/\/cprochapea.educacion.navarra.es\/web1\/wp-json\/wp\/v2\/types\/page"}],"author":[{"embeddable":true,"href":"https:\/\/cprochapea.educacion.navarra.es\/web1\/wp-json\/wp\/v2\/users\/1"}],"replies":[{"embeddable":true,"href":"https:\/\/cprochapea.educacion.navarra.es\/web1\/wp-json\/wp\/v2\/comments?post=3878"}],"version-history":[{"count":16,"href":"https:\/\/cprochapea.educacion.navarra.es\/web1\/wp-json\/wp\/v2\/pages\/3878\/revisions"}],"predecessor-version":[{"id":4183,"href":"https:\/\/cprochapea.educacion.navarra.es\/web1\/wp-json\/wp\/v2\/pages\/3878\/revisions\/4183"}],"wp:attachment":[{"href":"https:\/\/cprochapea.educacion.navarra.es\/web1\/wp-json\/wp\/v2\/media?parent=3878"}],"curies":[{"name":"wp","href":"https:\/\/api.w.org\/{rel}","templated":true}]}}